{"id":68942,"date":"2018-10-28T05:54:24","date_gmt":"2018-10-28T09:54:24","guid":{"rendered":"https:\/\/keyworddigital.com\/a-propos\/"},"modified":"2025-08-30T22:31:40","modified_gmt":"2025-08-31T02:31:40","slug":"a-propos","status":"publish","type":"page","link":"https:\/\/keyworddigital.com\/fr\/a-propos\/","title":{"rendered":"\u00c0 propos"},"content":{"rendered":"<div id=\"pl-68942\"  class=\"panel-layout\" ><div id=\"pg-68942-0\"  class=\"panel-grid panel-has-style\" ><div class=\"siteorigin-panels-stretch parallax-section row-6a032c5f8c41d panel-row-style panel-row-style-for-68942-0\" style=\"background-image: url(https:\/\/keyworddigital.com\/wp-content\/uploads\/2018\/11\/hero_2_p21.jpg);background-position: center top;\" data-stretch-type=\"full\" data-parallax-image=\"https:\/\/keyworddigital.com\/wp-content\/uploads\/2018\/11\/hero_2_p21.jpg\" data-parallax-id=\".row-6a032c5f8c41d\" ><div id=\"pgc-68942-0-0\"  class=\"panel-grid-cell\" ><div id=\"panel-68942-0-0-0\" class=\"so-panel widget widget_sow-headline panel-first-child\" data-index=\"0\" ><div class=\"wow fadeInDown panel-widget-style panel-widget-style-for-68942-0-0-0\" style=\"margin-bottom: 0px !important; \" data-wow-offset=\"10\" data-wow-iteration=\"1\" ><div\n\t\t\t\n\t\t\tclass=\"so-widget-sow-headline so-widget-sow-headline-default-d34df350a118-68942 so-widget-fittext-wrapper\"\n\t\t\t data-fit-text-compressor=\"0.85\"\n\t\t><div class=\"sow-headline-container \">\n\t\t\t\t\t\t\t<p class=\"sow-headline\">\n\t\t\t\t\t\tNous vous aidons \u00e0 r\u00e9ussir\t\t\t\t\t\t<\/p>\n\t\t\t\t\t\t<\/div>\n<\/div><\/div><\/div><div id=\"panel-68942-0-0-1\" class=\"so-panel widget widget_sow-headline\" data-index=\"1\" ><div class=\"wow fadeIn panel-widget-style panel-widget-style-for-68942-0-0-1\" style=\"margin-bottom: 20px !important; \" data-wow-delay=\"1s\" data-wow-offset=\"10\" data-wow-iteration=\"1\" ><div\n\t\t\t\n\t\t\tclass=\"so-widget-sow-headline so-widget-sow-headline-default-d32637daff1e-68942 so-widget-fittext-wrapper\"\n\t\t\t data-fit-text-compressor=\"0.85\"\n\t\t><div class=\"sow-headline-container \">\n\t\t\t\t\t\t\t<h2 class=\"sow-headline\">\n\t\t\t\t\t\tPerformances optimales\t\t\t\t\t\t<\/h2>\n\t\t\t\t\t\t<\/div>\n<\/div><\/div><\/div><div id=\"panel-68942-0-0-2\" class=\"so-panel widget widget_sow-button\" data-index=\"2\" ><div class=\"wow fadeInUp panel-widget-style panel-widget-style-for-68942-0-0-2\" style=\"margin-bottom: 20px !important; \" data-wow-delay=\"1s\" data-wow-offset=\"10\" data-wow-iteration=\"1\" id=\"signup_desk_about\" ><div\n\t\t\t\n\t\t\tclass=\"so-widget-sow-button so-widget-sow-button-flat-8cfd5f318717-68942\"\n\t\t\t\n\t\t><div class=\"ow-button-base ow-button-align-center\"\n>\n\t\t\t<a\n\t\t\t\t\thref=\"https:\/\/keyworddigital.com\/fr\/contact\/\"\n\t\t\t\t\tclass=\"sowb-button ow-icon-placement-left ow-button-hover\" \t>\n\t\t<span>\n\t\t\t\n\t\t\tContactez-nous aujourd'hui\t\t<\/span>\n\t\t\t<\/a>\n\t<\/div>\n<\/div><\/div><\/div><div id=\"panel-68942-0-0-3\" class=\"so-panel widget widget_sow-button panel-last-child\" data-index=\"3\" ><div class=\"wow fadeInUp panel-widget-style panel-widget-style-for-68942-0-0-3\" style=\"margin-bottom: 120px !important; margin-top: -20px !important; \" data-wow-duration=\"1s\" data-wow-offset=\"10\" data-wow-iteration=\"1\" id=\"signup_mob_about\" ><div\n\t\t\t\n\t\t\tclass=\"so-widget-sow-button so-widget-sow-button-flat-6f8c0654153a-68942\"\n\t\t\t\n\t\t><div class=\"ow-button-base ow-button-align-center\"\n>\n\t\t\t<a\n\t\t\t\t\thref=\"https:\/\/keyworddigital.com\/fr\/contact\/\"\n\t\t\t\t\tclass=\"sowb-button ow-icon-placement-left ow-button-hover\" \t>\n\t\t<span>\n\t\t\t\n\t\t\tContactez-nous aujourd'hui\t\t<\/span>\n\t\t\t<\/a>\n\t<\/div>\n<\/div><\/div><\/div><\/div><\/div><\/div><div id=\"pg-68942-1\"  class=\"panel-grid panel-has-style\" ><div class=\"siteorigin-panels-stretch panel-row-style panel-row-style-for-68942-1\" data-stretch-type=\"full\" ><div id=\"pgc-68942-1-0\"  class=\"panel-grid-cell\" ><div id=\"panel-68942-1-0-0\" class=\"so-panel widget widget_sow-features panel-first-child panel-last-child\" data-index=\"4\" ><div class=\"wow fadeIn center panel-widget-style panel-widget-style-for-68942-1-0-0\" style=\"margin-bottom: 20px !important; margin-top: -100px !important; \" data-wow-delay=\"1s\" data-wow-offset=\"10\" data-wow-iteration=\"1\" id=\"finance-features\" ><div\n\t\t\t\n\t\t\tclass=\"so-widget-sow-features so-widget-sow-features-default-638b9516fb4f-68942\"\n\t\t\t\n\t\t><ul\n\tclass=\"sow-features-list\n\tsow-features-responsive\">\n\n\t\t\t<li\n\t\t\tclass=\"sow-features-feature sow-icon-container-position-top\"\n\t\t\tstyle=\"display: flex; flex-direction: column; width: calc(100% - 25px);\"\n\t\t>\n\t\t\t\n\t\t\t\t\t\t<div\t\t\t\tclass=\"sow-icon-container sow-container-round\"\n\t\t\t\tstyle=\"color: ; \"\n\t\t\t\t\n\t\t\t\t\t\t\t>\n\t\t\t\t<span class=\"sow-icon-icomoon\" data-sow-icon=\"&#xe972;\"\n\t\tstyle=\"font-size: 50px; color: #075d96\" \n\t\taria-hidden=\"true\"><\/span>\t\t\t<\/div>\n\n\t\t\t<div class=\"textwidget\">\n\t\t\t\t\n\t\t\t\t\t\t\t\t\t<h5 class=\"sow-features-feature-title\">\n\t\t\t\t\t\t\u00c0 propos de nous\t\t\t\t\t<\/h5>\n\t\t\t\t\n\t\t\t\t\t\t\t\t\t<div class=\"sow-features-feature-text\">\n\t\t\t\t\t<p>Keyword Digital est un r\u00e9seau publicitaire bas\u00e9 sur la recherche par \u00ab mots-cl\u00e9s \u00bb et le ciblage contextuel, qui s'adresse \u00e0 la fois aux \u00e9diteurs et aux annonceurs dans tous les secteurs d'activit\u00e9. Chez Keyword, une impression ne suffit pas, la v\u00e9ritable valeur provient d'un clic qualifi\u00e9 et finalement d'une conversion. Les mots-cl\u00e9s d\u00e9finissent le public cible d\u2019un annonceur, le contenu d\u2019un site ou d\u2019une application mobile donn\u00e9, ainsi que les besoins et les d\u00e9sirs d\u2019un utilisateur sur les moteurs de recherche au moment o\u00f9 une annonce est affich\u00e9e. Cette forme de ciblage nous permet d'aligner correctement nos annonceurs avec le bon contenu d'\u00e9diteur, g\u00e9n\u00e9rant un retour sur investissement positif et un \u00e9change mutuellement b\u00e9n\u00e9fique pour nos partenaires.<\/p>\n\t\t\t\t\t<\/div>\n\t\t\t\t\t\t\t\t<\/div>\n\t\t\t\t\t\t\t\t<\/li>\n\n\t<\/ul>\n<\/div><\/div><\/div><\/div><\/div><\/div><div id=\"pg-68942-2\"  class=\"panel-grid panel-has-style\" ><div class=\"siteorigin-panels-stretch panel-row-style panel-row-style-for-68942-2\" style=\"margin-top: 0px !important; \" data-stretch-type=\"full\" ><div id=\"pgc-68942-2-0\"  class=\"panel-grid-cell\" ><div id=\"panel-68942-2-0-0\" class=\"so-panel widget widget_sow-headline panel-first-child panel-last-child\" data-index=\"5\" ><div class=\"wow fadeInUp panel-widget-style panel-widget-style-for-68942-2-0-0\" style=\"margin-bottom: 0px !important; \" data-wow-offset=\"10\" data-wow-iteration=\"1\" ><div\n\t\t\t\n\t\t\tclass=\"so-widget-sow-headline so-widget-sow-headline-default-0b405f8a6523-68942 so-widget-fittext-wrapper\"\n\t\t\t data-fit-text-compressor=\"1\"\n\t\t><div class=\"sow-headline-container \">\n\t\t\t\t\t\t\t<h4 class=\"sow-headline\">\n\t\t\t\t\t\tNOTRE \u00c9QUIPE SE SOUCIE DE VOUS\t\t\t\t\t\t<\/h4>\n\t\t\t\t\t\t\t\t\t\t\t\t<h3 class=\"sow-sub-headline\">\n\t\t\t\t\t\tNous avons un personnel d\u00e9vou\u00e9 qui place toujours la satisfaction du client au premier plan. Ils vont au-del\u00e0 de leurs attentes dans toutes les situations.\t\t\t\t\t\t<\/h3>\n\t\t\t\t\t\t<\/div>\n<\/div><\/div><\/div><\/div><\/div><\/div><div id=\"pg-68942-3\"  class=\"panel-grid panel-has-style\" ><div class=\"siteorigin-panels-stretch panel-row-style panel-row-style-for-68942-3\" style=\"margin-top: 0px !important; \" data-stretch-type=\"full\" ><div id=\"pgc-68942-3-0\"  class=\"panel-grid-cell\" ><div id=\"panel-68942-3-0-0\" class=\"so-panel widget widget_sow-image panel-first-child panel-last-child\" data-index=\"6\" ><div style=\"margin-bottom: 20px !important; \" class=\"panel-widget-style panel-widget-style-for-68942-3-0-0\" ><div\n\t\t\t\n\t\t\tclass=\"so-widget-sow-image so-widget-sow-image-default-c67d20f9f743-68942\"\n\t\t\t\n\t\t>\n<div class=\"sow-image-container\">\n\t\t<img \n\tsrc=\"https:\/\/keyworddigital.com\/wp-content\/uploads\/2018\/11\/monitor-with-table-lamp_1280x500.png\" width=\"1280\" height=\"500\" srcset=\"https:\/\/keyworddigital.com\/wp-content\/uploads\/2018\/11\/monitor-with-table-lamp_1280x500.png 1280w, https:\/\/keyworddigital.com\/wp-content\/uploads\/2018\/11\/monitor-with-table-lamp_1280x500-300x117.png 300w, https:\/\/keyworddigital.com\/wp-content\/uploads\/2018\/11\/monitor-with-table-lamp_1280x500-768x300.png 768w, https:\/\/keyworddigital.com\/wp-content\/uploads\/2018\/11\/monitor-with-table-lamp_1280x500-1024x400.png 1024w\" sizes=\"(max-width: 1280px) 100vw, 1280px\" alt=\"\" \t\tclass=\"so-widget-image\"\/>\n\t<\/div>\n\n<\/div><\/div><\/div><\/div><\/div><\/div><div id=\"pg-68942-4\"  class=\"panel-grid panel-has-style\" ><div class=\"siteorigin-panels-stretch panel-row-style panel-row-style-for-68942-4\" data-stretch-type=\"full\" ><div id=\"pgc-68942-4-0\"  class=\"panel-grid-cell\" ><div id=\"panel-68942-4-0-0\" class=\"so-panel widget widget_sow-editor panel-first-child panel-last-child\" data-index=\"7\" ><div style=\"margin-bottom: 20px !important; \" class=\"panel-widget-style panel-widget-style-for-68942-4-0-0\" ><div\n\t\t\t\n\t\t\tclass=\"so-widget-sow-editor so-widget-sow-editor-base\"\n\t\t\t\n\t\t><h3 class=\"widget-title\">Qui nous sommes et comment nous le faisons<\/h3>\n<div class=\"siteorigin-widget-tinymce textwidget\">\n\t<div class=\"entry\">\n<p>Keyword Digital est compos\u00e9 de leaders du secteur qui ont fond\u00e9 et d\u00e9velopp\u00e9 certaines des entreprises les plus innovantes dans le domaine de la publicit\u00e9 num\u00e9rique. Nous sommes fiers de notre capacit\u00e9 \u00e0 utiliser des m\u00e9thodes innovantes qui permettent \u00e0 nos annonceurs d\u2019atteindre les niveaux de ciblage les plus \u00e9lev\u00e9s possibles. Nous travaillons avec diligence en utilisant notre exp\u00e9rience et notre ing\u00e9niosit\u00e9 pour associer des \u00e9diteurs mobiles et Web de marque et de haute qualit\u00e9 \u00e0 des annonceurs cibl\u00e9s par mots cl\u00e9s pr\u00e9cieux, favorisant ainsi la durabilit\u00e9 et la croissance pour les deux parties. Nous sommes des joueurs d\u2019\u00e9quipe ax\u00e9s sur les r\u00e9sultats et d\u00e9sireux de travailler avec des organisations qui valorisent ces attributs.<\/p>\n<\/div>\n<\/div>\n<\/div><\/div><\/div><\/div><\/div><\/div><\/div>","protected":false},"excerpt":{"rendered":"<p>Nous vous aidons \u00e0 r\u00e9ussir Performances optimales Contactez-nous aujourd&rsquo;hui Contactez-nous aujourd&rsquo;hui \u00c0 propos de nous Keyword Digital est un r\u00e9seau publicitaire bas\u00e9 sur la recherche par \u00ab mots-cl\u00e9s \u00bb et le ciblage contextuel, qui s&rsquo;adresse \u00e0 la fois aux \u00e9diteurs et aux annonceurs dans tous les secteurs d&rsquo;activit\u00e9. Chez Keyword, une impression ne suffit pas, &hellip; <a href=\"https:\/\/keyworddigital.com\/fr\/a-propos\/\" title=\"\u00c0 propos\" class=\"read-more\">Read More<\/a><\/p>\n","protected":false},"author":847,"featured_media":0,"parent":0,"menu_order":0,"comment_status":"closed","ping_status":"closed","template":"","meta":{"footnotes":""},"class_list":["post-68942","page","type-page","status-publish","hentry"],"_links":{"self":[{"href":"https:\/\/keyworddigital.com\/fr\/wp-json\/wp\/v2\/pages\/68942","targetHints":{"allow":["GET"]}}],"collection":[{"href":"https:\/\/keyworddigital.com\/fr\/wp-json\/wp\/v2\/pages"}],"about":[{"href":"https:\/\/keyworddigital.com\/fr\/wp-json\/wp\/v2\/types\/page"}],"author":[{"embeddable":true,"href":"https:\/\/keyworddigital.com\/fr\/wp-json\/wp\/v2\/users\/847"}],"replies":[{"embeddable":true,"href":"https:\/\/keyworddigital.com\/fr\/wp-json\/wp\/v2\/comments?post=68942"}],"version-history":[{"count":1,"href":"https:\/\/keyworddigital.com\/fr\/wp-json\/wp\/v2\/pages\/68942\/revisions"}],"predecessor-version":[{"id":68969,"href":"https:\/\/keyworddigital.com\/fr\/wp-json\/wp\/v2\/pages\/68942\/revisions\/68969"}],"wp:attachment":[{"href":"https:\/\/keyworddigital.com\/fr\/wp-json\/wp\/v2\/media?parent=68942"}],"curies":[{"name":"wp","href":"https:\/\/api.w.org\/{rel}","templated":true}]}}