{"id":68940,"date":"2018-10-28T08:33:34","date_gmt":"2018-10-28T12:33:34","guid":{"rendered":"https:\/\/keyworddigital.com\/annonceurs\/"},"modified":"2025-08-30T22:31:58","modified_gmt":"2025-08-31T02:31:58","slug":"annonceurs","status":"publish","type":"page","link":"https:\/\/keyworddigital.com\/fr\/annonceurs\/","title":{"rendered":"Annonceurs"},"content":{"rendered":"<div id=\"pl-68940\"  class=\"panel-layout\" ><div id=\"pg-68940-0\"  class=\"panel-grid panel-has-style\" ><div class=\"siteorigin-panels-stretch parallax-section row-6a032c5f2b4f9 panel-row-style panel-row-style-for-68940-0\" style=\"background-image: url(https:\/\/keyworddigital.com\/wp-content\/uploads\/2018\/11\/hero_2_p21.jpg);background-position: center top;\" data-stretch-type=\"full\" data-parallax-image=\"https:\/\/keyworddigital.com\/wp-content\/uploads\/2018\/11\/hero_2_p21.jpg\" data-parallax-id=\".row-6a032c5f2b4f9\" ><div id=\"pgc-68940-0-0\"  class=\"panel-grid-cell\" ><div id=\"panel-68940-0-0-0\" class=\"so-panel widget widget_sow-headline panel-first-child\" data-index=\"0\" ><div class=\"wow fadeInDown panel-widget-style panel-widget-style-for-68940-0-0-0\" style=\"margin-bottom: 0px !important; \" data-wow-offset=\"10\" data-wow-iteration=\"1\" ><div\n\t\t\t\n\t\t\tclass=\"so-widget-sow-headline so-widget-sow-headline-default-d34df350a118-68940 so-widget-fittext-wrapper\"\n\t\t\t data-fit-text-compressor=\"0.85\"\n\t\t><div class=\"sow-headline-container \">\n\t\t\t\t\t\t\t<p class=\"sow-headline\">\n\t\t\t\t\t\tMaximisez votre budget\t\t\t\t\t\t<\/p>\n\t\t\t\t\t\t<\/div>\n<\/div><\/div><\/div><div id=\"panel-68940-0-0-1\" class=\"so-panel widget widget_sow-headline\" data-index=\"1\" ><div class=\"wow fadeIn panel-widget-style panel-widget-style-for-68940-0-0-1\" style=\"margin-bottom: 20px !important; \" data-wow-delay=\"1s\" data-wow-offset=\"10\" data-wow-iteration=\"1\" ><div\n\t\t\t\n\t\t\tclass=\"so-widget-sow-headline so-widget-sow-headline-default-d32637daff1e-68940 so-widget-fittext-wrapper\"\n\t\t\t data-fit-text-compressor=\"0.85\"\n\t\t><div class=\"sow-headline-container \">\n\t\t\t\t\t\t\t<h2 class=\"sow-headline\">\n\t\t\t\t\t\tCr\u00e9ez un retour sur investissement solide\t\t\t\t\t\t<\/h2>\n\t\t\t\t\t\t<\/div>\n<\/div><\/div><\/div><div id=\"panel-68940-0-0-2\" class=\"so-panel widget widget_sow-button\" data-index=\"2\" ><div class=\"wow fadeInUp panel-widget-style panel-widget-style-for-68940-0-0-2\" style=\"margin-bottom: 20px !important; \" data-wow-delay=\"1s\" data-wow-offset=\"10\" data-wow-iteration=\"1\" id=\"signup_desk_adv\" ><div\n\t\t\t\n\t\t\tclass=\"so-widget-sow-button so-widget-sow-button-flat-8cfd5f318717-68940\"\n\t\t\t\n\t\t><div class=\"ow-button-base ow-button-align-center\"\n>\n\t\t\t<a\n\t\t\t\t\thref=\"https:\/\/keyworddigital.com\/fr\/contact\/\"\n\t\t\t\t\tclass=\"sowb-button ow-icon-placement-left ow-button-hover\" \t>\n\t\t<span>\n\t\t\t\n\t\t\tContactez-nous aujourd'hui\t\t<\/span>\n\t\t\t<\/a>\n\t<\/div>\n<\/div><\/div><\/div><div id=\"panel-68940-0-0-3\" class=\"so-panel widget widget_sow-button panel-last-child\" data-index=\"3\" ><div class=\"wow fadeInUp panel-widget-style panel-widget-style-for-68940-0-0-3\" style=\"margin-bottom: 120px !important; margin-top: -20px !important; \" data-wow-delay=\"1s\" data-wow-offset=\"10\" data-wow-iteration=\"1\" id=\"signup_mob_adv\" ><div\n\t\t\t\n\t\t\tclass=\"so-widget-sow-button so-widget-sow-button-flat-6f8c0654153a-68940\"\n\t\t\t\n\t\t><div class=\"ow-button-base ow-button-align-center\"\n>\n\t\t\t<a\n\t\t\t\t\thref=\"https:\/\/keyworddigital.com\/fr\/contact\/\"\n\t\t\t\t\tclass=\"sowb-button ow-icon-placement-left ow-button-hover\" \t>\n\t\t<span>\n\t\t\t\n\t\t\tContactez-nous aujourd'hui\t\t<\/span>\n\t\t\t<\/a>\n\t<\/div>\n<\/div><\/div><\/div><\/div><\/div><\/div><div id=\"pg-68940-1\"  class=\"panel-grid panel-has-style\" ><div class=\"siteorigin-panels-stretch panel-row-style panel-row-style-for-68940-1\" data-stretch-type=\"full\" ><div id=\"pgc-68940-1-0\"  class=\"panel-grid-cell\" ><div id=\"panel-68940-1-0-0\" class=\"so-panel widget widget_sow-features panel-first-child panel-last-child\" data-index=\"4\" ><div class=\"wow fadeIn center panel-widget-style panel-widget-style-for-68940-1-0-0\" style=\"margin-bottom: 20px !important; margin-top: -100px !important; \" data-wow-delay=\"1s\" data-wow-offset=\"10\" data-wow-iteration=\"1\" id=\"finance-features\" ><div\n\t\t\t\n\t\t\tclass=\"so-widget-sow-features so-widget-sow-features-default-638b9516fb4f-68940\"\n\t\t\t\n\t\t><ul\n\tclass=\"sow-features-list\n\tsow-features-responsive\">\n\n\t\t\t<li\n\t\t\tclass=\"sow-features-feature sow-icon-container-position-top\"\n\t\t\tstyle=\"display: flex; flex-direction: column; width: calc(100% - 25px);\"\n\t\t>\n\t\t\t\n\t\t\t\t\t\t<div\t\t\t\tclass=\"sow-icon-container sow-container-round\"\n\t\t\t\tstyle=\"color: ; \"\n\t\t\t\t\n\t\t\t\t\t\t\t>\n\t\t\t\t<span class=\"sow-icon-icomoon\" data-sow-icon=\"&#xe99b;\"\n\t\tstyle=\"font-size: 50px; color: #075d96\" \n\t\taria-hidden=\"true\"><\/span>\t\t\t<\/div>\n\n\t\t\t<div class=\"textwidget\">\n\t\t\t\t\n\t\t\t\t\t\t\t\t\t<h5 class=\"sow-features-feature-title\">\n\t\t\t\t\t\t\u00c9diteurs de valeur\t\t\t\t\t<\/h5>\n\t\t\t\t\n\t\t\t\t\t\t\t\t\t<div class=\"sow-features-feature-text\">\n\t\t\t\t\t<p>\u00c9diteurs de haute qualit\u00e9 soigneusement s\u00e9lectionn\u00e9s, qui ont \u00e9t\u00e9 contr\u00f4l\u00e9s et \u00e9valu\u00e9s de mani\u00e8re syst\u00e9matique pour leur probabilit\u00e9 de fournir un retour sur investissement solide.<\/p>\n\t\t\t\t\t<\/div>\n\t\t\t\t\t\t\t\t<\/div>\n\t\t\t\t\t\t\t\t<\/li>\n\n\t<\/ul>\n<\/div><\/div><\/div><\/div><\/div><\/div><div id=\"pg-68940-2\"  class=\"panel-grid panel-has-style\" ><div class=\"siteorigin-panels-stretch panel-row-style panel-row-style-for-68940-2\" style=\"margin-top: 0px !important; \" data-stretch-type=\"full\" ><div id=\"pgc-68940-2-0\"  class=\"panel-grid-cell\" ><div id=\"panel-68940-2-0-0\" class=\"so-panel widget widget_sow-image panel-first-child panel-last-child\" data-index=\"5\" ><div style=\"margin-bottom: 20px !important; \" class=\"panel-widget-style panel-widget-style-for-68940-2-0-0\" ><div\n\t\t\t\n\t\t\tclass=\"so-widget-sow-image so-widget-sow-image-default-c67d20f9f743-68940\"\n\t\t\t\n\t\t>\n<div class=\"sow-image-container\">\n\t\t<img \n\tsrc=\"https:\/\/keyworddigital.com\/wp-content\/uploads\/2018\/11\/research-marketing_1280x500.png\" width=\"1280\" height=\"500\" srcset=\"https:\/\/keyworddigital.com\/wp-content\/uploads\/2018\/11\/research-marketing_1280x500.png 1280w, https:\/\/keyworddigital.com\/wp-content\/uploads\/2018\/11\/research-marketing_1280x500-300x117.png 300w, https:\/\/keyworddigital.com\/wp-content\/uploads\/2018\/11\/research-marketing_1280x500-768x300.png 768w, https:\/\/keyworddigital.com\/wp-content\/uploads\/2018\/11\/research-marketing_1280x500-1024x400.png 1024w\" sizes=\"(max-width: 1280px) 100vw, 1280px\" alt=\"\" \t\tclass=\"so-widget-image\"\/>\n\t<\/div>\n\n<\/div><\/div><\/div><\/div><\/div><\/div><div id=\"pg-68940-3\"  class=\"panel-grid panel-has-style\" ><div class=\"siteorigin-panels-stretch panel-row-style panel-row-style-for-68940-3\" data-stretch-type=\"full\" ><div id=\"pgc-68940-3-0\"  class=\"panel-grid-cell\" ><div id=\"panel-68940-3-0-0\" class=\"so-panel widget widget_sow-editor panel-first-child panel-last-child\" data-index=\"6\" ><div style=\"margin-bottom: 20px !important; \" class=\"panel-widget-style panel-widget-style-for-68940-3-0-0\" ><div\n\t\t\t\n\t\t\tclass=\"so-widget-sow-editor so-widget-sow-editor-base\"\n\t\t\t\n\t\t><h3 class=\"widget-title\">Succ\u00e8s bas\u00e9 sur les donn\u00e9es<\/h3>\n<div class=\"siteorigin-widget-tinymce textwidget\">\n\t<p>Notre technologie avanc\u00e9e de diffusion d'annonces bas\u00e9e sur des preuves empiriques garantit que les annonceurs atteignent leur public le plus cibl\u00e9 sur les propri\u00e9t\u00e9s Web et mobiles. Notre technologie ne validera pas un clic \u00e0 moins qu'il ne passe plus de deux douzaines de filtres int\u00e9gr\u00e9s au syst\u00e8me de diffusion d'annonces par mots cl\u00e9s. La satisfaction mutuelle de nos annonceurs et \u00e9diteurs est primordiale au sein de notre organisation.<\/p>\n<\/div>\n<\/div><\/div><\/div><\/div><\/div><\/div><div id=\"pg-68940-4\"  class=\"panel-grid panel-has-style\" ><div class=\"siteorigin-panels-stretch panel-row-style panel-row-style-for-68940-4\" data-stretch-type=\"full\" ><div id=\"pgc-68940-4-0\"  class=\"panel-grid-cell\" ><div id=\"panel-68940-4-0-0\" class=\"so-panel widget widget_sow-headline panel-first-child\" data-index=\"7\" ><div style=\"margin-bottom: 20px !important; \" class=\"panel-widget-style panel-widget-style-for-68940-4-0-0\" ><div\n\t\t\t\n\t\t\tclass=\"so-widget-sow-headline so-widget-sow-headline-default-3dbd9455a6e5-68940\"\n\t\t\t\n\t\t><div class=\"sow-headline-container \">\n\t\t\t\t\t\t\t<h4 class=\"sow-headline\">\n\t\t\t\t\t\tOFFRES CL\u00c9S\t\t\t\t\t\t<\/h4>\n\t\t\t\t\t\t<\/div>\n<\/div><\/div><\/div><div id=\"panel-68940-4-0-1\" class=\"so-panel widget widget_sow-headline\" data-index=\"8\" ><div style=\"margin-bottom: 30px !important; \" class=\"panel-widget-style panel-widget-style-for-68940-4-0-1\" ><div\n\t\t\t\n\t\t\tclass=\"so-widget-sow-headline so-widget-sow-headline-default-ee74861155ee-68940\"\n\t\t\t\n\t\t><div class=\"sow-headline-container \">\n\t\t\t\t\t\t\t<h3 class=\"sow-headline\">\n\t\t\t\t\t\tNotre suite d'outils de diffusion d'annonces vous aidera \u00e0 capturer les bonnes donn\u00e9es pour planifier et investir pour un rendement plus s\u00fbr.\t\t\t\t\t\t<\/h3>\n\t\t\t\t\t\t<\/div>\n<\/div><\/div><\/div><div id=\"panel-68940-4-0-2\" class=\"so-panel widget widget_sow-button panel-last-child\" data-index=\"9\" ><div style=\"margin-bottom: 20px !important; \" id=\"our_team_btn\" class=\"panel-widget-style panel-widget-style-for-68940-4-0-2\" ><div\n\t\t\t\n\t\t\tclass=\"so-widget-sow-button so-widget-sow-button-flat-8335f580c026-68940\"\n\t\t\t\n\t\t><div class=\"ow-button-base ow-button-align-left\"\n>\n\t\t\t<a\n\t\t\t\t\thref=\"https:\/\/keyworddigital.com\/fr\/contact\/\"\n\t\t\t\t\tclass=\"sowb-button ow-icon-placement-left ow-button-hover\" \t>\n\t\t<span>\n\t\t\t\n\t\t\tContactez-nous maintenant\t\t<\/span>\n\t\t\t<\/a>\n\t<\/div>\n<\/div><\/div><\/div><\/div><div id=\"pgc-68940-4-1\"  class=\"panel-grid-cell\" ><div id=\"panel-68940-4-1-0\" class=\"so-panel widget widget_sow-features panel-first-child panel-last-child\" data-index=\"10\" ><div class=\"left panel-widget-style panel-widget-style-for-68940-4-1-0\" style=\"margin-bottom: 0px !important; margin-top: 0px !important; \" id=\"finance-features\" ><div\n\t\t\t\n\t\t\tclass=\"so-widget-sow-features so-widget-sow-features-default-f72d101d73a1-68940\"\n\t\t\t\n\t\t><ul\n\tclass=\"sow-features-list\n\tsow-features-responsive\">\n\n\t\t\t<li\n\t\t\tclass=\"sow-features-feature sow-icon-container-position-top\"\n\t\t\tstyle=\"display: flex; flex-direction: column; width: calc(50% - 25px);\"\n\t\t>\n\t\t\t\n\t\t\t\t\t\t<div\t\t\t\tclass=\"sow-icon-container sow-container-round\"\n\t\t\t\tstyle=\"color: ; \"\n\t\t\t\t\n\t\t\t\t\t\t\t>\n\t\t\t\t<span class=\"sow-icon-ionicons\" data-sow-icon=\"&#xf380;\"\n\t\tstyle=\"font-size: 50px; color: #075d96\" \n\t\taria-hidden=\"true\"><\/span>\t\t\t<\/div>\n\n\t\t\t<div class=\"textwidget\">\n\t\t\t\t\n\t\t\t\t\t\t\t\t\t<h5 class=\"sow-features-feature-title\">\n\t\t\t\t\t\t\u00c9diteurs de valeur\t\t\t\t\t<\/h5>\n\t\t\t\t\n\t\t\t\t\t\t\t\t\t<div class=\"sow-features-feature-text\">\n\t\t\t\t\t<p>\u00c9diteurs de haute qualit\u00e9 soigneusement s\u00e9lectionn\u00e9s, qui ont \u00e9t\u00e9 contr\u00f4l\u00e9s et \u00e9valu\u00e9s de mani\u00e8re syst\u00e9matique pour leur probabilit\u00e9 de fournir un retour sur investissement solide.<\/p>\n\t\t\t\t\t<\/div>\n\t\t\t\t\t\t\t\t<\/div>\n\t\t\t\t\t\t\t\t<\/li>\n\n\t\t\t<li\n\t\t\tclass=\"sow-features-feature sow-icon-container-position-top\"\n\t\t\tstyle=\"display: flex; flex-direction: column; width: calc(50% - 25px);\"\n\t\t>\n\t\t\t\n\t\t\t\t\t\t<div\t\t\t\tclass=\"sow-icon-container sow-container-round\"\n\t\t\t\tstyle=\"color: ; \"\n\t\t\t\t\n\t\t\t\t\t\t\t>\n\t\t\t\t<span class=\"sow-icon-ionicons\" data-sow-icon=\"&#xf382;\"\n\t\tstyle=\"font-size: 50px; color: #075d96\" \n\t\taria-hidden=\"true\"><\/span>\t\t\t<\/div>\n\n\t\t\t<div class=\"textwidget\">\n\t\t\t\t\n\t\t\t\t\t\t\t\t\t<h5 class=\"sow-features-feature-title\">\n\t\t\t\t\t\tRecherche d'offres\t\t\t\t\t<\/h5>\n\t\t\t\t\n\t\t\t\t\t\t\t\t\t<div class=\"sow-features-feature-text\">\n\t\t\t\t\t<p>Technologie de diffusion d'annonces par mots-cl\u00e9s PPC et par ench\u00e8res d'\u00e9diteurs de premier plan offrant un contr\u00f4le complet de tous les aspects de votre campagne en temps r\u00e9el.<\/p>\n\t\t\t\t\t<\/div>\n\t\t\t\t\t\t\t\t<\/div>\n\t\t\t\t\t\t\t\t<\/li>\n\n\t\t\t<li\n\t\t\tclass=\"sow-features-feature sow-icon-container-position-top\"\n\t\t\tstyle=\"display: flex; flex-direction: column; width: calc(50% - 25px);\"\n\t\t>\n\t\t\t\n\t\t\t\t\t\t<div\t\t\t\tclass=\"sow-icon-container sow-container-round\"\n\t\t\t\tstyle=\"color: ; \"\n\t\t\t\t\n\t\t\t\t\t\t\t>\n\t\t\t\t<span class=\"sow-icon-ionicons\" data-sow-icon=\"&#xf12c;\"\n\t\tstyle=\"font-size: 50px; color: #075d96\" \n\t\taria-hidden=\"true\"><\/span>\t\t\t<\/div>\n\n\t\t\t<div class=\"textwidget\">\n\t\t\t\t\n\t\t\t\t\t\t\t\t\t<h5 class=\"sow-features-feature-title\">\n\t\t\t\t\t\tContr\u00f4le de qualit\u00e9\t\t\t\t\t<\/h5>\n\t\t\t\t\n\t\t\t\t\t\t\t\t\t<div class=\"sow-features-feature-text\">\n\t\t\t\t\t<p>Obtenez la meilleure exposition avec les meilleurs rendements. Nous vous accordons la priorit\u00e9 en vous aidant \u00e0 filtrer tous les annonceurs qui sont en concurrence directe avec vos marques.<\/p>\n\t\t\t\t\t<\/div>\n\t\t\t\t\t\t\t\t<\/div>\n\t\t\t\t\t\t\t\t<\/li>\n\n\t\t\t<li\n\t\t\tclass=\"sow-features-feature sow-icon-container-position-top\"\n\t\t\tstyle=\"display: flex; flex-direction: column; width: calc(50% - 25px);\"\n\t\t>\n\t\t\t\n\t\t\t\t\t\t<div\t\t\t\tclass=\"sow-icon-container sow-container-round\"\n\t\t\t\tstyle=\"color: ; \"\n\t\t\t\t\n\t\t\t\t\t\t\t>\n\t\t\t\t<span class=\"sow-icon-ionicons\" data-sow-icon=\"&#xf474;\"\n\t\tstyle=\"font-size: 50px; color: #075d96\" \n\t\taria-hidden=\"true\"><\/span>\t\t\t<\/div>\n\n\t\t\t<div class=\"textwidget\">\n\t\t\t\t\n\t\t\t\t\t\t\t\t\t<h5 class=\"sow-features-feature-title\">\n\t\t\t\t\t\tMeilleurs vols\t\t\t\t\t<\/h5>\n\t\t\t\t\n\t\t\t\t\t\t\t\t\t<div class=\"sow-features-feature-text\">\n\t\t\t\t\t<p>Des analystes professionnels et des \u00e9quipes de sp\u00e9cialistes du retour sur investissement d\u00e9di\u00e9s \u00e0 l'optimisation continue de vos campagnes et \u00e0 la g\u00e9n\u00e9ration de retour sur investissement.<\/p>\n\t\t\t\t\t<\/div>\n\t\t\t\t\t\t\t\t<\/div>\n\t\t\t\t\t\t\t\t<\/li>\n\n\t<\/ul>\n<\/div><\/div><\/div><\/div><\/div><\/div><\/div>","protected":false},"excerpt":{"rendered":"<p>Maximisez votre budget Cr\u00e9ez un retour sur investissement solide Contactez-nous aujourd&rsquo;hui Contactez-nous aujourd&rsquo;hui \u00c9diteurs de valeur \u00c9diteurs de haute qualit\u00e9 soigneusement s\u00e9lectionn\u00e9s, qui ont \u00e9t\u00e9 contr\u00f4l\u00e9s et \u00e9valu\u00e9s de mani\u00e8re syst\u00e9matique pour leur probabilit\u00e9 de fournir un retour sur investissement solide. Succ\u00e8s bas\u00e9 sur les donn\u00e9es Notre technologie avanc\u00e9e de diffusion d&rsquo;annonces bas\u00e9e sur des &hellip; <a href=\"https:\/\/keyworddigital.com\/fr\/annonceurs\/\" title=\"Annonceurs\" class=\"read-more\">Read More<\/a><\/p>\n","protected":false},"author":847,"featured_media":0,"parent":0,"menu_order":0,"comment_status":"closed","ping_status":"closed","template":"","meta":{"footnotes":""},"class_list":["post-68940","page","type-page","status-publish","hentry"],"_links":{"self":[{"href":"https:\/\/keyworddigital.com\/fr\/wp-json\/wp\/v2\/pages\/68940","targetHints":{"allow":["GET"]}}],"collection":[{"href":"https:\/\/keyworddigital.com\/fr\/wp-json\/wp\/v2\/pages"}],"about":[{"href":"https:\/\/keyworddigital.com\/fr\/wp-json\/wp\/v2\/types\/page"}],"author":[{"embeddable":true,"href":"https:\/\/keyworddigital.com\/fr\/wp-json\/wp\/v2\/users\/847"}],"replies":[{"embeddable":true,"href":"https:\/\/keyworddigital.com\/fr\/wp-json\/wp\/v2\/comments?post=68940"}],"version-history":[{"count":1,"href":"https:\/\/keyworddigital.com\/fr\/wp-json\/wp\/v2\/pages\/68940\/revisions"}],"predecessor-version":[{"id":68970,"href":"https:\/\/keyworddigital.com\/fr\/wp-json\/wp\/v2\/pages\/68940\/revisions\/68970"}],"wp:attachment":[{"href":"https:\/\/keyworddigital.com\/fr\/wp-json\/wp\/v2\/media?parent=68940"}],"curies":[{"name":"wp","href":"https:\/\/api.w.org\/{rel}","templated":true}]}}