{"id":68939,"date":"2018-10-26T01:11:34","date_gmt":"2018-10-26T05:11:34","guid":{"rendered":"https:\/\/keyworddigital.com\/contact\/"},"modified":"2025-08-30T22:32:17","modified_gmt":"2025-08-31T02:32:17","slug":"contact","status":"publish","type":"page","link":"https:\/\/keyworddigital.com\/fr\/contact\/","title":{"rendered":"Contact"},"content":{"rendered":"<div id=\"pl-68939\"  class=\"panel-layout\" ><div id=\"pg-68939-0\"  class=\"panel-grid panel-has-style\" ><div class=\"siteorigin-panels-stretch parallax-section row-6a032b7246fe9 panel-row-style panel-row-style-for-68939-0\" style=\"background-image: url(https:\/\/keyworddigital.com\/wp-content\/uploads\/2018\/11\/hero_2_p21.jpg);background-position: center top;\" data-stretch-type=\"full\" data-parallax-image=\"https:\/\/keyworddigital.com\/wp-content\/uploads\/2018\/11\/hero_2_p21.jpg\" data-parallax-id=\".row-6a032b7246fe9\" ><div id=\"pgc-68939-0-0\"  class=\"panel-grid-cell\" ><div id=\"panel-68939-0-0-0\" class=\"so-panel widget widget_sow-headline panel-first-child panel-last-child\" data-index=\"0\" ><div style=\"margin-bottom: 20px !important; margin-top: 0px !important; \" class=\"panel-widget-style panel-widget-style-for-68939-0-0-0\" ><div\n\t\t\t\n\t\t\tclass=\"so-widget-sow-headline so-widget-sow-headline-default-a4e937d18ffc-68939 so-widget-fittext-wrapper\"\n\t\t\t data-fit-text-compressor=\"0.85\"\n\t\t><div class=\"sow-headline-container \">\n\t\t\t\t\t\t\t<p class=\"sow-headline\">\n\t\t\t\t\t\tVous avez une question?\t\t\t\t\t\t<\/p>\n\t\t\t\t\t\t\t\t\t\t\t\t<h2 class=\"sow-sub-headline\">\n\t\t\t\t\t\tContactez-nous\t\t\t\t\t\t<\/h2>\n\t\t\t\t\t\t<\/div>\n<\/div><\/div><\/div><\/div><\/div><\/div><div id=\"pg-68939-1\"  class=\"panel-grid panel-has-style\" ><div class=\"siteorigin-panels-stretch panel-row-style panel-row-style-for-68939-1\" style=\"margin-top: 0px !important; \" data-stretch-type=\"full-stretched\" ><div id=\"pgc-68939-1-0\"  class=\"panel-grid-cell\" ><div class=\"panel-cell-style panel-cell-style-for-68939-1-0\" ><div id=\"panel-68939-1-0-0\" class=\"so-panel widget widget_sow-headline panel-first-child\" data-index=\"1\" ><div style=\"margin-bottom: 20px !important; \" class=\"panel-widget-style panel-widget-style-for-68939-1-0-0\" ><div\n\t\t\t\n\t\t\tclass=\"so-widget-sow-headline so-widget-sow-headline-default-7c6f9c98f4b4-68939\"\n\t\t\t\n\t\t><div class=\"sow-headline-container \">\n\t\t\t\t\t\t\t<h3 class=\"sow-headline\">\n\t\t\t\t\t\tCoordonn\u00e9es\t\t\t\t\t\t<\/h3>\n\t\t\t\t\t\t\t\t\t\t\t<div class=\"decoration\">\n\t\t\t\t\t\t<div class=\"decoration-inside\"><\/div>\n\t\t\t\t\t<\/div>\n\t\t\t\t\t<\/div>\n<\/div><\/div><\/div><div id=\"panel-68939-1-0-1\" class=\"so-panel widget widget_text\" data-index=\"2\" ><div style=\"margin-bottom: 20px !important; margin-top: 15px !important; \" class=\"panel-widget-style panel-widget-style-for-68939-1-0-1\" >\t\t\t<div class=\"textwidget\"><h4>Adresse<\/h4>\n<p>1250 Ren\u00e9-L\u00e9vesque O.<br \/>\nSuite 2200<br \/>\nMontr\u00e9al, QC H3B 4W8<\/p>\n<h4>T\u00e9l\u00e9phone<\/h4>\n<p>514-500-4080<em><br \/>\n<\/em><\/p>\n<h4>Courriel<\/h4>\n<p>contact@keyworddigital.com<\/p>\n<p>&nbsp;<\/p>\n<\/div>\n\t\t<\/div><\/div><div id=\"panel-68939-1-0-2\" class=\"so-panel widget widget_sow-headline\" data-index=\"3\" ><div style=\"margin-bottom: 20px !important; \" class=\"panel-widget-style panel-widget-style-for-68939-1-0-2\" ><div\n\t\t\t\n\t\t\tclass=\"so-widget-sow-headline so-widget-sow-headline-default-7c6f9c98f4b4-68939\"\n\t\t\t\n\t\t><div class=\"sow-headline-container \">\n\t\t\t\t\t\t\t<h3 class=\"sow-headline\">\n\t\t\t\t\t\tService d'assistance\t\t\t\t\t\t<\/h3>\n\t\t\t\t\t\t\t\t\t\t\t<div class=\"decoration\">\n\t\t\t\t\t\t<div class=\"decoration-inside\"><\/div>\n\t\t\t\t\t<\/div>\n\t\t\t\t\t<\/div>\n<\/div><\/div><\/div><div id=\"panel-68939-1-0-3\" class=\"so-panel widget widget_text panel-last-child\" data-index=\"4\" ><div style=\"margin-bottom: 20px !important; margin-top: 15px !important; \" class=\"panel-widget-style panel-widget-style-for-68939-1-0-3\" >\t\t\t<div class=\"textwidget\"><h4>Soutien<\/h4>\n<p>support@keyworddigital.com<\/p>\n<\/div>\n\t\t<\/div><\/div><\/div><\/div><div id=\"pgc-68939-1-1\"  class=\"panel-grid-cell\" ><div class=\"panel-cell-style panel-cell-style-for-68939-1-1\" ><div id=\"panel-68939-1-1-0\" class=\"so-panel widget widget_text panel-first-child panel-last-child\" data-index=\"5\" ><div style=\"margin-bottom: 20px !important; \" class=\"panel-widget-style panel-widget-style-for-68939-1-1-0\" >\t\t\t<div class=\"textwidget\">\n<div class=\"wpcf7 no-js\" id=\"wpcf7-f68965-o1\" lang=\"fr-FR\" dir=\"ltr\" data-wpcf7-id=\"68965\">\n<div class=\"screen-reader-response\"><p role=\"status\" aria-live=\"polite\" aria-atomic=\"true\"><\/p> <ul><\/ul><\/div>\n<form action=\"\/fr\/wp-json\/wp\/v2\/pages\/68939#wpcf7-f68965-o1\" method=\"post\" class=\"wpcf7-form init\" aria-label=\"Formulaire de contact\" novalidate=\"novalidate\" data-status=\"init\">\n<fieldset class=\"hidden-fields-container\"><input type=\"hidden\" name=\"_wpcf7\" value=\"68965\" \/><input type=\"hidden\" name=\"_wpcf7_version\" value=\"6.1.5\" \/><input type=\"hidden\" name=\"_wpcf7_locale\" value=\"fr_FR\" \/><input type=\"hidden\" name=\"_wpcf7_unit_tag\" value=\"wpcf7-f68965-o1\" \/><input type=\"hidden\" name=\"_wpcf7_container_post\" value=\"0\" \/><input type=\"hidden\" name=\"_wpcf7_posted_data_hash\" value=\"\" \/>\n<\/fieldset>\n<p><label> Votre nom (obligatoire)<br \/>\n<span class=\"wpcf7-form-control-wrap\" data-name=\"your-name\"><input size=\"40\" maxlength=\"400\" class=\"wpcf7-form-control wpcf7-text wpcf7-validates-as-required\" aria-required=\"true\" aria-invalid=\"false\" value=\"\" type=\"text\" name=\"your-name\" \/><\/span> <\/label>\n<\/p>\n<p><label> Votre courriel (obligatoire)<br \/>\n<span class=\"wpcf7-form-control-wrap\" data-name=\"your-email\"><input size=\"40\" maxlength=\"400\" class=\"wpcf7-form-control wpcf7-email wpcf7-validates-as-required wpcf7-text wpcf7-validates-as-email\" aria-required=\"true\" aria-invalid=\"false\" value=\"\" type=\"email\" name=\"your-email\" \/><\/span> <\/label>\n<\/p>\n<p><label> Sujet (obligatoire)<br \/>\n<span class=\"wpcf7-form-control-wrap\" data-name=\"Subject\"><select class=\"wpcf7-form-control wpcf7-select wpcf7-validates-as-required\" aria-required=\"true\" aria-invalid=\"false\" name=\"Subject\"><option value=\"\">&#8212;Veuillez choisir une option&#8212;<\/option><option value=\"Annonceur\">Annonceur<\/option><option value=\"\u00c9diteur\">\u00c9diteur<\/option><option value=\"Autre\">Autre<\/option><\/select><\/span> <\/label>\n<\/p>\n<p><label> Votre message<br \/>\n<span class=\"wpcf7-form-control-wrap\" data-name=\"your-message\"><textarea cols=\"40\" rows=\"10\" maxlength=\"2000\" class=\"wpcf7-form-control wpcf7-textarea\" aria-invalid=\"false\" name=\"your-message\"><\/textarea><\/span> <\/label>\n<\/p>\n<p><input class=\"wpcf7-form-control wpcf7-submit has-spinner\" type=\"submit\" value=\"Envoyer\" \/>\n<\/p><div class=\"wpcf7-response-output\" aria-hidden=\"true\"><\/div>\n<\/form>\n<\/div>\n\n<\/div>\n\t\t<\/div><\/div><\/div><\/div><\/div><\/div><\/div>","protected":false},"excerpt":{"rendered":"<p>Adresse 1250 Ren\u00e9-L\u00e9vesque O. Suite 2200 Montr\u00e9al, QC H3B 4W8 T\u00e9l\u00e9phone 514-500-4080 Courriel contact@keyworddigital.com &nbsp; Soutien support@keyworddigital.com<\/p>\n","protected":false},"author":847,"featured_media":0,"parent":0,"menu_order":0,"comment_status":"closed","ping_status":"closed","template":"","meta":{"footnotes":""},"class_list":["post-68939","page","type-page","status-publish","hentry"],"_links":{"self":[{"href":"https:\/\/keyworddigital.com\/fr\/wp-json\/wp\/v2\/pages\/68939","targetHints":{"allow":["GET"]}}],"collection":[{"href":"https:\/\/keyworddigital.com\/fr\/wp-json\/wp\/v2\/pages"}],"about":[{"href":"https:\/\/keyworddigital.com\/fr\/wp-json\/wp\/v2\/types\/page"}],"author":[{"embeddable":true,"href":"https:\/\/keyworddigital.com\/fr\/wp-json\/wp\/v2\/users\/847"}],"replies":[{"embeddable":true,"href":"https:\/\/keyworddigital.com\/fr\/wp-json\/wp\/v2\/comments?post=68939"}],"version-history":[{"count":1,"href":"https:\/\/keyworddigital.com\/fr\/wp-json\/wp\/v2\/pages\/68939\/revisions"}],"predecessor-version":[{"id":68971,"href":"https:\/\/keyworddigital.com\/fr\/wp-json\/wp\/v2\/pages\/68939\/revisions\/68971"}],"wp:attachment":[{"href":"https:\/\/keyworddigital.com\/fr\/wp-json\/wp\/v2\/media?parent=68939"}],"curies":[{"name":"wp","href":"https:\/\/api.w.org\/{rel}","templated":true}]}}