{"id":68937,"date":"2018-10-28T08:35:06","date_gmt":"2018-10-28T12:35:06","guid":{"rendered":"https:\/\/keyworddigital.com\/editeurs\/"},"modified":"2025-08-30T22:32:52","modified_gmt":"2025-08-31T02:32:52","slug":"editeurs","status":"publish","type":"page","link":"https:\/\/keyworddigital.com\/fr\/editeurs\/","title":{"rendered":"\u00c9diteurs"},"content":{"rendered":"<div id=\"pl-68937\"  class=\"panel-layout\" ><div id=\"pg-68937-0\"  class=\"panel-grid panel-has-style\" ><div class=\"siteorigin-panels-stretch parallax-section row-6a032bc14c3ae panel-row-style panel-row-style-for-68937-0\" style=\"background-image: url(https:\/\/keyworddigital.com\/wp-content\/uploads\/2018\/11\/hero_2_p21.jpg);background-position: center top;\" data-stretch-type=\"full\" data-parallax-image=\"https:\/\/keyworddigital.com\/wp-content\/uploads\/2018\/11\/hero_2_p21.jpg\" data-parallax-id=\".row-6a032bc14c3ae\" ><div id=\"pgc-68937-0-0\"  class=\"panel-grid-cell\" ><div id=\"panel-68937-0-0-0\" class=\"so-panel widget widget_sow-headline panel-first-child\" data-index=\"0\" ><div class=\"wow fadeInDown panel-widget-style panel-widget-style-for-68937-0-0-0\" style=\"margin-bottom: 0px !important; \" data-wow-offset=\"10\" data-wow-iteration=\"1\" ><div\n\t\t\t\n\t\t\tclass=\"so-widget-sow-headline so-widget-sow-headline-default-d34df350a118-68937 so-widget-fittext-wrapper\"\n\t\t\t data-fit-text-compressor=\"0.85\"\n\t\t><div class=\"sow-headline-container \">\n\t\t\t\t\t\t\t<p class=\"sow-headline\">\n\t\t\t\t\t\tG\u00e9n\u00e9rez des clics de premier ordre\t\t\t\t\t\t<\/p>\n\t\t\t\t\t\t<\/div>\n<\/div><\/div><\/div><div id=\"panel-68937-0-0-1\" class=\"so-panel widget widget_sow-headline\" data-index=\"1\" ><div class=\"wow fadeIn panel-widget-style panel-widget-style-for-68937-0-0-1\" style=\"margin-bottom: 20px !important; \" data-wow-delay=\"1s\" data-wow-offset=\"10\" data-wow-iteration=\"1\" ><div\n\t\t\t\n\t\t\tclass=\"so-widget-sow-headline so-widget-sow-headline-default-d32637daff1e-68937 so-widget-fittext-wrapper\"\n\t\t\t data-fit-text-compressor=\"0.85\"\n\t\t><div class=\"sow-headline-container \">\n\t\t\t\t\t\t\t<h2 class=\"sow-headline\">\n\t\t\t\t\t\tMon\u00e9tisez votre contenu\t\t\t\t\t\t<\/h2>\n\t\t\t\t\t\t<\/div>\n<\/div><\/div><\/div><div id=\"panel-68937-0-0-2\" class=\"so-panel widget widget_sow-button\" data-index=\"2\" ><div class=\"wow fadeInUp panel-widget-style panel-widget-style-for-68937-0-0-2\" style=\"margin-bottom: 20px !important; \" data-wow-delay=\"1s\" data-wow-offset=\"10\" data-wow-iteration=\"1\" id=\"signup_desk_pub\" ><div\n\t\t\t\n\t\t\tclass=\"so-widget-sow-button so-widget-sow-button-flat-8cfd5f318717-68937\"\n\t\t\t\n\t\t><div class=\"ow-button-base ow-button-align-center\"\n>\n\t\t\t<a\n\t\t\t\t\thref=\"https:\/\/keyworddigital.com\/fr\/contact\/\"\n\t\t\t\t\tclass=\"sowb-button ow-icon-placement-left ow-button-hover\" \t>\n\t\t<span>\n\t\t\t\n\t\t\tContactez-nous aujourd'hui\t\t<\/span>\n\t\t\t<\/a>\n\t<\/div>\n<\/div><\/div><\/div><div id=\"panel-68937-0-0-3\" class=\"so-panel widget widget_sow-button panel-last-child\" data-index=\"3\" ><div class=\"wow fadeInUp panel-widget-style panel-widget-style-for-68937-0-0-3\" style=\"margin-bottom: 120px !important; margin-top: -20px !important; \" data-wow-delay=\"1s\" data-wow-offset=\"10\" data-wow-iteration=\"1\" id=\"signup_mob_pub\" ><div\n\t\t\t\n\t\t\tclass=\"so-widget-sow-button so-widget-sow-button-flat-6f8c0654153a-68937\"\n\t\t\t\n\t\t><div class=\"ow-button-base ow-button-align-center\"\n>\n\t\t\t<a\n\t\t\t\t\thref=\"https:\/\/keyworddigital.com\/fr\/contact\/\"\n\t\t\t\t\tclass=\"sowb-button ow-icon-placement-left ow-button-hover\" \t>\n\t\t<span>\n\t\t\t\n\t\t\tContactez-nous aujourd'hui\t\t<\/span>\n\t\t\t<\/a>\n\t<\/div>\n<\/div><\/div><\/div><\/div><\/div><\/div><div id=\"pg-68937-1\"  class=\"panel-grid panel-has-style\" ><div class=\"siteorigin-panels-stretch panel-row-style panel-row-style-for-68937-1\" data-stretch-type=\"full\" ><div id=\"pgc-68937-1-0\"  class=\"panel-grid-cell\" ><div id=\"panel-68937-1-0-0\" class=\"so-panel widget widget_sow-features panel-first-child panel-last-child\" data-index=\"4\" ><div class=\"wow fadeIn center panel-widget-style panel-widget-style-for-68937-1-0-0\" style=\"margin-bottom: 20px !important; margin-top: -100px !important; \" data-wow-delay=\"1s\" data-wow-offset=\"10\" data-wow-iteration=\"1\" id=\"finance-features\" ><div\n\t\t\t\n\t\t\tclass=\"so-widget-sow-features so-widget-sow-features-default-638b9516fb4f-68937\"\n\t\t\t\n\t\t><ul\n\tclass=\"sow-features-list\n\tsow-features-responsive\">\n\n\t\t\t<li\n\t\t\tclass=\"sow-features-feature sow-icon-container-position-top\"\n\t\t\tstyle=\"display: flex; flex-direction: column; width: calc(100% - 25px);\"\n\t\t>\n\t\t\t\n\t\t\t\t\t\t<div\t\t\t\tclass=\"sow-icon-container sow-container-round\"\n\t\t\t\tstyle=\"color: ; \"\n\t\t\t\t\n\t\t\t\t\t\t\t>\n\t\t\t\t<span class=\"sow-icon-icomoon\" data-sow-icon=\"&#xe99c;\"\n\t\tstyle=\"font-size: 50px; color: #075d96\" \n\t\taria-hidden=\"true\"><\/span>\t\t\t<\/div>\n\n\t\t\t<div class=\"textwidget\">\n\t\t\t\t\n\t\t\t\t\t\t\t\t\t<h5 class=\"sow-features-feature-title\">\n\t\t\t\t\t\t\u00c9tablir le prix\t\t\t\t\t<\/h5>\n\t\t\t\t\n\t\t\t\t\t\t\t\t\t<div class=\"sow-features-feature-text\">\n\t\t\t\t\t<p>D\u00e9finissez votre prix plancher ! Nos outils intelligents analyseront et optimiseront la livraison en temps r\u00e9el afin de vous proposer les meilleures offres pour votre secteur vertical cibl\u00e9.<\/p>\n\t\t\t\t\t<\/div>\n\t\t\t\t\t\t\t\t<\/div>\n\t\t\t\t\t\t\t\t<\/li>\n\n\t<\/ul>\n<\/div><\/div><\/div><\/div><\/div><\/div><div id=\"pg-68937-2\"  class=\"panel-grid panel-has-style\" ><div class=\"siteorigin-panels-stretch panel-row-style panel-row-style-for-68937-2\" style=\"margin-top: 0px !important; \" data-stretch-type=\"full\" ><div id=\"pgc-68937-2-0\"  class=\"panel-grid-cell\" ><div id=\"panel-68937-2-0-0\" class=\"so-panel widget widget_sow-image panel-first-child panel-last-child\" data-index=\"5\" ><div style=\"margin-bottom: 20px !important; \" class=\"panel-widget-style panel-widget-style-for-68937-2-0-0\" ><div\n\t\t\t\n\t\t\tclass=\"so-widget-sow-image so-widget-sow-image-default-c67d20f9f743-68937\"\n\t\t\t\n\t\t>\n<div class=\"sow-image-container\">\n\t\t<img \n\tsrc=\"https:\/\/keyworddigital.com\/wp-content\/uploads\/2018\/11\/mobile-devices-2017978_1280x500.png\" width=\"1280\" height=\"500\" srcset=\"https:\/\/keyworddigital.com\/wp-content\/uploads\/2018\/11\/mobile-devices-2017978_1280x500.png 1280w, https:\/\/keyworddigital.com\/wp-content\/uploads\/2018\/11\/mobile-devices-2017978_1280x500-300x117.png 300w, https:\/\/keyworddigital.com\/wp-content\/uploads\/2018\/11\/mobile-devices-2017978_1280x500-768x300.png 768w, https:\/\/keyworddigital.com\/wp-content\/uploads\/2018\/11\/mobile-devices-2017978_1280x500-1024x400.png 1024w\" sizes=\"(max-width: 1280px) 100vw, 1280px\" alt=\"\" \t\tclass=\"so-widget-image\"\/>\n\t<\/div>\n\n<\/div><\/div><\/div><\/div><\/div><\/div><div id=\"pg-68937-3\"  class=\"panel-grid panel-has-style\" ><div class=\"siteorigin-panels-stretch panel-row-style panel-row-style-for-68937-3\" data-stretch-type=\"full\" ><div id=\"pgc-68937-3-0\"  class=\"panel-grid-cell\" ><div id=\"panel-68937-3-0-0\" class=\"so-panel widget widget_sow-editor panel-first-child panel-last-child\" data-index=\"6\" ><div style=\"margin-bottom: 20px !important; \" class=\"panel-widget-style panel-widget-style-for-68937-3-0-0\" ><div\n\t\t\t\n\t\t\tclass=\"so-widget-sow-editor so-widget-sow-editor-base\"\n\t\t\t\n\t\t><h3 class=\"widget-title\">R\u00e9seau de performance PPC<\/h3>\n<div class=\"siteorigin-widget-tinymce textwidget\">\n\t<p>Keyword Digital vous offre un meilleur contr\u00f4le des annonceurs qui apparaissent sur votre propri\u00e9t\u00e9 multim\u00e9dia. L\u2019avenir de l\u2019environnement en ligne, qu\u2019il s\u2019agisse de logiciels, de commerce \u00e9lectronique ou de m\u00e9dias traditionnels, a ou aura un \u00e9l\u00e9ment de revenus publicitaires dans le cadre de son mod\u00e8le \u00e9conomique. Keyword Digital respecte le fait que vous ayez vos propres crit\u00e8res pour d\u00e9terminer quelles entreprises vous vous sentez \u00e0 l'aise de permettre de faire de la publicit\u00e9 \u00e0 c\u00f4t\u00e9 de votre contenu. Pour cette raison, nous pla\u00e7ons le prix et le contenu de l'annonce sous votre contr\u00f4le. Contactez-nous pour cr\u00e9er une solution personnalis\u00e9e qui r\u00e9pond le mieux aux besoins de votre organisation.<\/p>\n<\/div>\n<\/div><\/div><\/div><\/div><\/div><\/div><div id=\"pg-68937-4\"  class=\"panel-grid panel-has-style\" ><div class=\"siteorigin-panels-stretch panel-row-style panel-row-style-for-68937-4\" data-stretch-type=\"full\" ><div id=\"pgc-68937-4-0\"  class=\"panel-grid-cell\" ><div id=\"panel-68937-4-0-0\" class=\"so-panel widget widget_sow-headline panel-first-child\" data-index=\"7\" ><div style=\"margin-bottom: 20px !important; \" class=\"panel-widget-style panel-widget-style-for-68937-4-0-0\" ><div\n\t\t\t\n\t\t\tclass=\"so-widget-sow-headline so-widget-sow-headline-default-3dbd9455a6e5-68937\"\n\t\t\t\n\t\t><div class=\"sow-headline-container \">\n\t\t\t\t\t\t\t<h4 class=\"sow-headline\">\n\t\t\t\t\t\tFLUX PUBLICITAIRES DE PREMIER NIVEAU\t\t\t\t\t\t<\/h4>\n\t\t\t\t\t\t<\/div>\n<\/div><\/div><\/div><div id=\"panel-68937-4-0-1\" class=\"so-panel widget widget_sow-headline\" data-index=\"8\" ><div style=\"margin-bottom: 30px !important; \" class=\"panel-widget-style panel-widget-style-for-68937-4-0-1\" ><div\n\t\t\t\n\t\t\tclass=\"so-widget-sow-headline so-widget-sow-headline-default-ee74861155ee-68937\"\n\t\t\t\n\t\t><div class=\"sow-headline-container \">\n\t\t\t\t\t\t\t<h3 class=\"sow-headline\">\n\t\t\t\t\t\tDes flux publicitaires de premier ordre soigneusement s\u00e9lectionn\u00e9s vous aideront \u00e0 mieux mon\u00e9tiser votre contenu tout en pr\u00e9servant l'exp\u00e9rience utilisateur.\t\t\t\t\t\t<\/h3>\n\t\t\t\t\t\t<\/div>\n<\/div><\/div><\/div><div id=\"panel-68937-4-0-2\" class=\"so-panel widget widget_sow-button panel-last-child\" data-index=\"9\" ><div style=\"margin-bottom: 20px !important; \" id=\"our_team_btn\" class=\"panel-widget-style panel-widget-style-for-68937-4-0-2\" ><div\n\t\t\t\n\t\t\tclass=\"so-widget-sow-button so-widget-sow-button-flat-8335f580c026-68937\"\n\t\t\t\n\t\t><div class=\"ow-button-base ow-button-align-left\"\n>\n\t\t\t<a\n\t\t\t\t\thref=\"https:\/\/keyworddigital.com\/fr\/contact\/\"\n\t\t\t\t\tclass=\"sowb-button ow-icon-placement-left ow-button-hover\" \t>\n\t\t<span>\n\t\t\t\n\t\t\tContactez-nous maintenant\t\t<\/span>\n\t\t\t<\/a>\n\t<\/div>\n<\/div><\/div><\/div><\/div><div id=\"pgc-68937-4-1\"  class=\"panel-grid-cell\" ><div id=\"panel-68937-4-1-0\" class=\"so-panel widget widget_sow-features panel-first-child panel-last-child\" data-index=\"10\" ><div class=\"left panel-widget-style panel-widget-style-for-68937-4-1-0\" style=\"margin-bottom: 0px !important; margin-top: 0px !important; \" id=\"finance-features\" ><div\n\t\t\t\n\t\t\tclass=\"so-widget-sow-features so-widget-sow-features-default-f72d101d73a1-68937\"\n\t\t\t\n\t\t><ul\n\tclass=\"sow-features-list\n\tsow-features-responsive\">\n\n\t\t\t<li\n\t\t\tclass=\"sow-features-feature sow-icon-container-position-top\"\n\t\t\tstyle=\"display: flex; flex-direction: column; width: calc(50% - 25px);\"\n\t\t>\n\t\t\t\n\t\t\t\t\t\t<div\t\t\t\tclass=\"sow-icon-container sow-container-round\"\n\t\t\t\tstyle=\"color: ; \"\n\t\t\t\t\n\t\t\t\t\t\t\t>\n\t\t\t\t<span class=\"sow-icon-ionicons\" data-sow-icon=\"&#xf26d;\"\n\t\tstyle=\"font-size: 50px; color: #075d96\" \n\t\taria-hidden=\"true\"><\/span>\t\t\t<\/div>\n\n\t\t\t<div class=\"textwidget\">\n\t\t\t\t\n\t\t\t\t\t\t\t\t\t<h5 class=\"sow-features-feature-title\">\n\t\t\t\t\t\t\u00c9tablir le prix\t\t\t\t\t<\/h5>\n\t\t\t\t\n\t\t\t\t\t\t\t\t\t<div class=\"sow-features-feature-text\">\n\t\t\t\t\t<p>D\u00e9finissez votre prix plancher ! Nos outils intelligents analyseront et optimiseront la livraison en temps r\u00e9el afin de vous proposer les meilleures offres pour votre secteur vertical cibl\u00e9.<\/p>\n\t\t\t\t\t<\/div>\n\t\t\t\t\t\t\t\t<\/div>\n\t\t\t\t\t\t\t\t<\/li>\n\n\t\t\t<li\n\t\t\tclass=\"sow-features-feature sow-icon-container-position-top\"\n\t\t\tstyle=\"display: flex; flex-direction: column; width: calc(50% - 25px);\"\n\t\t>\n\t\t\t\n\t\t\t\t\t\t<div\t\t\t\tclass=\"sow-icon-container sow-container-round\"\n\t\t\t\tstyle=\"color: ; \"\n\t\t\t\t\n\t\t\t\t\t\t\t>\n\t\t\t\t<span class=\"sow-icon-ionicons\" data-sow-icon=\"&#xf262;\"\n\t\tstyle=\"font-size: 50px; color: #075d96\" \n\t\taria-hidden=\"true\"><\/span>\t\t\t<\/div>\n\n\t\t\t<div class=\"textwidget\">\n\t\t\t\t\n\t\t\t\t\t\t\t\t\t<h5 class=\"sow-features-feature-title\">\n\t\t\t\t\t\tDes rendements plus \u00e9lev\u00e9s\t\t\t\t\t<\/h5>\n\t\t\t\t\n\t\t\t\t\t\t\t\t\t<div class=\"sow-features-feature-text\">\n\t\t\t\t\t<p>Nous r\u00e9compensons la performance. Mieux vous faites, mieux nous faisons et nous le savons. Atteignez notre premium \u00e9diteur plus et obtenez un rendement maximal.<\/p>\n\t\t\t\t\t<\/div>\n\t\t\t\t\t\t\t\t<\/div>\n\t\t\t\t\t\t\t\t<\/li>\n\n\t\t\t<li\n\t\t\tclass=\"sow-features-feature sow-icon-container-position-top\"\n\t\t\tstyle=\"display: flex; flex-direction: column; width: calc(50% - 25px);\"\n\t\t>\n\t\t\t\n\t\t\t\t\t\t<div\t\t\t\tclass=\"sow-icon-container sow-container-round\"\n\t\t\t\tstyle=\"color: ; \"\n\t\t\t\t\n\t\t\t\t\t\t\t>\n\t\t\t\t<span class=\"sow-icon-ionicons\" data-sow-icon=\"&#xf21f;\"\n\t\tstyle=\"font-size: 50px; color: #075d96\" \n\t\taria-hidden=\"true\"><\/span>\t\t\t<\/div>\n\n\t\t\t<div class=\"textwidget\">\n\t\t\t\t\n\t\t\t\t\t\t\t\t\t<h5 class=\"sow-features-feature-title\">\n\t\t\t\t\t\tFiltrage intelligent\t\t\t\t\t<\/h5>\n\t\t\t\t\n\t\t\t\t\t\t\t\t\t<div class=\"sow-features-feature-text\">\n\t\t\t\t\t<p>Obtenez la meilleure exposition avec les meilleurs rendements. Nous vous accordons la priorit\u00e9 en vous aidant \u00e0 filtrer tous les annonceurs qui concurrencent directement vos produits maison.<\/p>\n\t\t\t\t\t<\/div>\n\t\t\t\t\t\t\t\t<\/div>\n\t\t\t\t\t\t\t\t<\/li>\n\n\t\t\t<li\n\t\t\tclass=\"sow-features-feature sow-icon-container-position-top\"\n\t\t\tstyle=\"display: flex; flex-direction: column; width: calc(50% - 25px);\"\n\t\t>\n\t\t\t\n\t\t\t\t\t\t<div\t\t\t\tclass=\"sow-icon-container sow-container-round\"\n\t\t\t\tstyle=\"color: ; \"\n\t\t\t\t\n\t\t\t\t\t\t\t>\n\t\t\t\t<span class=\"sow-icon-ionicons\" data-sow-icon=\"&#xf316;\"\n\t\tstyle=\"font-size: 50px; color: #075d96\" \n\t\taria-hidden=\"true\"><\/span>\t\t\t<\/div>\n\n\t\t\t<div class=\"textwidget\">\n\t\t\t\t\n\t\t\t\t\t\t\t\t\t<h5 class=\"sow-features-feature-title\">\n\t\t\t\t\t\tPartenaire fiable\t\t\t\t\t<\/h5>\n\t\t\t\t\n\t\t\t\t\t\t\t\t\t<div class=\"sow-features-feature-text\">\n\t\t\t\t\t<p>En termes simples, nous payons \u00e0 temps, \u00e0 chaque fois. B\u00e9n\u00e9ficiez de paiements mensuels r\u00e9guliers et visez notre programme premium plus avec des r\u00e9compenses de premier ordre.<\/p>\n\t\t\t\t\t<\/div>\n\t\t\t\t\t\t\t\t<\/div>\n\t\t\t\t\t\t\t\t<\/li>\n\n\t<\/ul>\n<\/div><\/div><\/div><\/div><\/div><\/div><\/div>","protected":false},"excerpt":{"rendered":"<p>G\u00e9n\u00e9rez des clics de premier ordre Mon\u00e9tisez votre contenu Contactez-nous aujourd&rsquo;hui Contactez-nous aujourd&rsquo;hui \u00c9tablir le prix D\u00e9finissez votre prix plancher ! Nos outils intelligents analyseront et optimiseront la livraison en temps r\u00e9el afin de vous proposer les meilleures offres pour votre secteur vertical cibl\u00e9. R\u00e9seau de performance PPC Keyword Digital vous offre un meilleur contr\u00f4le &hellip; <a href=\"https:\/\/keyworddigital.com\/fr\/editeurs\/\" title=\"\u00c9diteurs\" class=\"read-more\">Read More<\/a><\/p>\n","protected":false},"author":847,"featured_media":0,"parent":0,"menu_order":0,"comment_status":"closed","ping_status":"closed","template":"","meta":{"footnotes":""},"class_list":["post-68937","page","type-page","status-publish","hentry"],"_links":{"self":[{"href":"https:\/\/keyworddigital.com\/fr\/wp-json\/wp\/v2\/pages\/68937","targetHints":{"allow":["GET"]}}],"collection":[{"href":"https:\/\/keyworddigital.com\/fr\/wp-json\/wp\/v2\/pages"}],"about":[{"href":"https:\/\/keyworddigital.com\/fr\/wp-json\/wp\/v2\/types\/page"}],"author":[{"embeddable":true,"href":"https:\/\/keyworddigital.com\/fr\/wp-json\/wp\/v2\/users\/847"}],"replies":[{"embeddable":true,"href":"https:\/\/keyworddigital.com\/fr\/wp-json\/wp\/v2\/comments?post=68937"}],"version-history":[{"count":1,"href":"https:\/\/keyworddigital.com\/fr\/wp-json\/wp\/v2\/pages\/68937\/revisions"}],"predecessor-version":[{"id":68972,"href":"https:\/\/keyworddigital.com\/fr\/wp-json\/wp\/v2\/pages\/68937\/revisions\/68972"}],"wp:attachment":[{"href":"https:\/\/keyworddigital.com\/fr\/wp-json\/wp\/v2\/media?parent=68937"}],"curies":[{"name":"wp","href":"https:\/\/api.w.org\/{rel}","templated":true}]}}