{"id":68935,"date":"2018-10-25T04:48:39","date_gmt":"2018-10-25T08:48:39","guid":{"rendered":"https:\/\/keyworddigital.com\/accueil\/"},"modified":"2025-08-30T22:35:19","modified_gmt":"2025-08-31T02:35:19","slug":"accueil","status":"publish","type":"page","link":"https:\/\/keyworddigital.com\/fr\/","title":{"rendered":"Accueil"},"content":{"rendered":"<div id=\"pl-68935\"  class=\"panel-layout\" ><div id=\"pg-68935-0\"  class=\"panel-grid panel-has-style\" ><div class=\"siteorigin-panels-stretch parallax-section row-6a031bb16e39f panel-row-style panel-row-style-for-68935-0\" style=\"background-image: url(https:\/\/keyworddigital.com\/wp-content\/uploads\/2018\/11\/hero_2_p21.jpg);background-position: center top;\" data-stretch-type=\"full\" data-parallax-image=\"https:\/\/keyworddigital.com\/wp-content\/uploads\/2018\/11\/hero_2_p21.jpg\" data-parallax-id=\".row-6a031bb16e39f\" ><div id=\"pgc-68935-0-0\"  class=\"panel-grid-cell\" ><div id=\"panel-68935-0-0-0\" class=\"so-panel widget widget_sow-headline panel-first-child\" data-index=\"0\" ><div class=\"wow fadeInDown panel-widget-style panel-widget-style-for-68935-0-0-0\" style=\"margin-bottom: 0px !important; \" data-wow-offset=\"10\" data-wow-iteration=\"1\" ><div\n\t\t\t\n\t\t\tclass=\"so-widget-sow-headline so-widget-sow-headline-default-d34df350a118-68935 so-widget-fittext-wrapper\"\n\t\t\t data-fit-text-compressor=\"0.85\"\n\t\t><div class=\"sow-headline-container \">\n\t\t\t\t\t\t\t<p class=\"sow-headline\">\n\t\t\t\t\t\tBas\u00e9 sur la performance\t\t\t\t\t\t<\/p>\n\t\t\t\t\t\t<\/div>\n<\/div><\/div><\/div><div id=\"panel-68935-0-0-1\" class=\"so-panel widget widget_sow-headline\" data-index=\"1\" ><div class=\"wow fadeIn panel-widget-style panel-widget-style-for-68935-0-0-1\" style=\"margin-bottom: 20px !important; \" data-wow-delay=\"1s\" data-wow-offset=\"10\" data-wow-iteration=\"1\" ><div\n\t\t\t\n\t\t\tclass=\"so-widget-sow-headline so-widget-sow-headline-default-d32637daff1e-68935 so-widget-fittext-wrapper\"\n\t\t\t data-fit-text-compressor=\"0.85\"\n\t\t><div class=\"sow-headline-container \">\n\t\t\t\t\t\t\t<h2 class=\"sow-headline\">\n\t\t\t\t\t\tPublicit\u00e9 de recherche\t\t\t\t\t\t<\/h2>\n\t\t\t\t\t\t<\/div>\n<\/div><\/div><\/div><div id=\"panel-68935-0-0-2\" class=\"so-panel widget widget_sow-button\" data-index=\"2\" ><div class=\"wow fadeInUp panel-widget-style panel-widget-style-for-68935-0-0-2\" style=\"margin-bottom: 20px !important; \" data-wow-delay=\"1s\" data-wow-offset=\"10\" data-wow-iteration=\"1\" id=\"signup_desk_home\" ><div\n\t\t\t\n\t\t\tclass=\"so-widget-sow-button so-widget-sow-button-flat-8cfd5f318717-68935\"\n\t\t\t\n\t\t><div class=\"ow-button-base ow-button-align-center\"\n>\n\t\t\t<a\n\t\t\t\t\thref=\"https:\/\/keyworddigital.com\/fr\/contact\/\"\n\t\t\t\t\tclass=\"sowb-button ow-icon-placement-left ow-button-hover\" \t>\n\t\t<span>\n\t\t\t\n\t\t\tContactez-nous aujourd'hui\t\t<\/span>\n\t\t\t<\/a>\n\t<\/div>\n<\/div><\/div><\/div><div id=\"panel-68935-0-0-3\" class=\"so-panel widget widget_sow-button panel-last-child\" data-index=\"3\" ><div class=\"wow fadeInUp panel-widget-style panel-widget-style-for-68935-0-0-3\" style=\"margin-bottom: 120px !important; margin-top: -20px !important; \" data-wow-delay=\"1s\" data-wow-offset=\"10\" data-wow-iteration=\"1\" id=\"signup_mob_home\" ><div\n\t\t\t\n\t\t\tclass=\"so-widget-sow-button so-widget-sow-button-flat-6f8c0654153a-68935\"\n\t\t\t\n\t\t><div class=\"ow-button-base ow-button-align-center\"\n>\n\t\t\t<a\n\t\t\t\t\thref=\"https:\/\/keyworddigital.com\/fr\/contact\/\"\n\t\t\t\t\tclass=\"sowb-button ow-icon-placement-left ow-button-hover\" \t>\n\t\t<span>\n\t\t\t\n\t\t\tContactez-nous aujourd'hui\t\t<\/span>\n\t\t\t<\/a>\n\t<\/div>\n<\/div><\/div><\/div><\/div><\/div><\/div><div id=\"pg-68935-1\"  class=\"panel-grid panel-has-style\" ><div class=\"siteorigin-panels-stretch panel-row-style panel-row-style-for-68935-1\" data-stretch-type=\"full\" ><div id=\"pgc-68935-1-0\"  class=\"panel-grid-cell\" ><div id=\"panel-68935-1-0-0\" class=\"so-panel widget widget_sow-features panel-first-child panel-last-child\" data-index=\"4\" ><div class=\"wow fadeIn center panel-widget-style panel-widget-style-for-68935-1-0-0\" style=\"margin-bottom: 20px !important; margin-top: -100px !important; \" data-wow-delay=\"1s\" data-wow-offset=\"10\" data-wow-iteration=\"1\" id=\"finance-features\" ><div\n\t\t\t\n\t\t\tclass=\"so-widget-sow-features so-widget-sow-features-default-027f05ffc988-68935\"\n\t\t\t\n\t\t><ul\n\tclass=\"sow-features-list\n\tsow-features-responsive\">\n\n\t\t\t<li\n\t\t\tclass=\"sow-features-feature sow-icon-container-position-top\"\n\t\t\tstyle=\"display: flex; flex-direction: column; width: calc(33.333% - 25px);\"\n\t\t>\n\t\t\t\n\t\t\t\t\t\t\t<div class=\"sow-features-feature-right-left-container\" style=\"display: flex; flex-direction: inherit;\">\n\t\t\t\t\t\t\t<div\t\t\t\tclass=\"sow-icon-container sow-container-round\"\n\t\t\t\tstyle=\"color: ; \"\n\t\t\t\t\n\t\t\t\t\t\t\t>\n\t\t\t\t<span class=\"sow-icon-icomoon\" data-sow-icon=\"&#xe972;\"\n\t\tstyle=\"font-size: 50px; color: #075d96\" \n\t\taria-hidden=\"true\"><\/span>\t\t\t<\/div>\n\n\t\t\t<div class=\"textwidget\">\n\t\t\t\t\t\t\t\t\t<div class=\"sow-features-feature-content\">\n\t\t\t\t\n\t\t\t\t\t\t\t\t\t<h5 class=\"sow-features-feature-title\">\n\t\t\t\t\t\t\u00c0 propos de nous\t\t\t\t\t<\/h5>\n\t\t\t\t\n\t\t\t\t\t\t\t\t\t<div class=\"sow-features-feature-text\">\n\t\t\t\t\t<p style=\"text-align: justify\">Keyword Digital est un r\u00e9seau publicitaire bas\u00e9 sur la recherche par \u00ab mots-cl\u00e9s \u00bb et le ciblage contextuel, qui s'adresse \u00e0 la fois aux \u00e9diteurs et aux annonceurs dans tous les secteurs d'activit\u00e9.<\/p>\t\t\t\t\t<\/div>\n\t\t\t\t\t\t\t\t\t\t<\/div>\n\t\t\t\t\t<p class=\"sow-more-text\">\n\t\t\t\t\t\t<a href=\"https:\/\/keyworddigital.com\/about\/\" >\t\t\t\t\t\tEn savoir plus\t\t\t\t\t\t<\/a>\t\t\t\t\t<\/p>\n\t\t\t\t\t\t\t<\/div>\n\t\t\t\t\t\t\t<\/div>\n\t\t\t\t\t\t\t\t<\/li>\n\n\t\t\t<li\n\t\t\tclass=\"sow-features-feature sow-icon-container-position-top\"\n\t\t\tstyle=\"display: flex; flex-direction: column; width: calc(33.333% - 25px);\"\n\t\t>\n\t\t\t\n\t\t\t\t\t\t\t<div class=\"sow-features-feature-right-left-container\" style=\"display: flex; flex-direction: inherit;\">\n\t\t\t\t\t\t\t<div\t\t\t\tclass=\"sow-icon-container sow-container-round\"\n\t\t\t\tstyle=\"color: ; \"\n\t\t\t\t\n\t\t\t\t\t\t\t>\n\t\t\t\t<span class=\"sow-icon-icomoon\" data-sow-icon=\"&#xe99b;\"\n\t\tstyle=\"font-size: 50px; color: #075d96\" \n\t\taria-hidden=\"true\"><\/span>\t\t\t<\/div>\n\n\t\t\t<div class=\"textwidget\">\n\t\t\t\t\t\t\t\t\t<div class=\"sow-features-feature-content\">\n\t\t\t\t\n\t\t\t\t\t\t\t\t\t<h5 class=\"sow-features-feature-title\">\n\t\t\t\t\t\tAnnonceurs\t\t\t\t\t<\/h5>\n\t\t\t\t\n\t\t\t\t\t\t\t\t\t<div class=\"sow-features-feature-text\">\n\t\t\t\t\t<p style=\"text-align: justify\">Notre objectif principal pour nos annonceurs est de g\u00e9n\u00e9rer un retour sur investissement maximal et de respecter tous vos indicateurs KPI. Notre objectif est de d\u00e9passer vos attentes.<\/p>\n\t\t\t\t\t<\/div>\n\t\t\t\t\t\t\t\t\t\t<\/div>\n\t\t\t\t\t<p class=\"sow-more-text\">\n\t\t\t\t\t\t<a href=\"https:\/\/keyworddigital.com\/advertisers\/\" >\t\t\t\t\t\tEn savoir plus\t\t\t\t\t\t<\/a>\t\t\t\t\t<\/p>\n\t\t\t\t\t\t\t<\/div>\n\t\t\t\t\t\t\t<\/div>\n\t\t\t\t\t\t\t\t<\/li>\n\n\t\t\t<li\n\t\t\tclass=\"sow-features-feature sow-icon-container-position-top\"\n\t\t\tstyle=\"display: flex; flex-direction: column; width: calc(33.333% - 25px);\"\n\t\t>\n\t\t\t\n\t\t\t\t\t\t\t<div class=\"sow-features-feature-right-left-container\" style=\"display: flex; flex-direction: inherit;\">\n\t\t\t\t\t\t\t<div\t\t\t\tclass=\"sow-icon-container sow-container-round\"\n\t\t\t\tstyle=\"color: ; \"\n\t\t\t\t\n\t\t\t\t\t\t\t>\n\t\t\t\t<span class=\"sow-icon-icomoon\" data-sow-icon=\"&#xe99c;\"\n\t\tstyle=\"font-size: 50px; color: #075D96\" \n\t\taria-hidden=\"true\"><\/span>\t\t\t<\/div>\n\n\t\t\t<div class=\"textwidget\">\n\t\t\t\t\t\t\t\t\t<div class=\"sow-features-feature-content\">\n\t\t\t\t\n\t\t\t\t\t\t\t\t\t<h5 class=\"sow-features-feature-title\">\n\t\t\t\t\t\t\u00c9diteurs\t\t\t\t\t<\/h5>\n\t\t\t\t\n\t\t\t\t\t\t\t\t\t<div class=\"sow-features-feature-text\">\n\t\t\t\t\t<p style=\"text-align: justify\">Notre objectif principal pour nos \u00e9diteurs est de maximiser vos revenus tout en g\u00e9n\u00e9rant un retour sur investissement optimal pour les annonceurs, ce qui se traduit par la durabilit\u00e9 et la croissance de vos propri\u00e9t\u00e9s m\u00e9diatiques.<\/p>\n\t\t\t\t\t<\/div>\n\t\t\t\t\t\t\t\t\t\t<\/div>\n\t\t\t\t\t<p class=\"sow-more-text\">\n\t\t\t\t\t\t<a href=\"https:\/\/keyworddigital.com\/publishers\/\" >\t\t\t\t\t\tEn savoir plus\t\t\t\t\t\t<\/a>\t\t\t\t\t<\/p>\n\t\t\t\t\t\t\t<\/div>\n\t\t\t\t\t\t\t<\/div>\n\t\t\t\t\t\t\t\t<\/li>\n\n\t<\/ul>\n<\/div><\/div><\/div><\/div><\/div><\/div><div id=\"pg-68935-2\"  class=\"panel-grid panel-has-style\" ><div class=\"siteorigin-panels-stretch panel-row-style panel-row-style-for-68935-2\" data-stretch-type=\"full\" ><div id=\"pgc-68935-2-0\"  class=\"panel-grid-cell\" ><div id=\"panel-68935-2-0-0\" class=\"so-panel widget widget_sow-headline panel-first-child\" data-index=\"5\" ><div style=\"margin-bottom: 20px !important; \" class=\"panel-widget-style panel-widget-style-for-68935-2-0-0\" ><div\n\t\t\t\n\t\t\tclass=\"so-widget-sow-headline so-widget-sow-headline-default-3dbd9455a6e5-68935\"\n\t\t\t\n\t\t><div class=\"sow-headline-container \">\n\t\t\t\t\t\t\t<h4 class=\"sow-headline\">\n\t\t\t\t\t\tNOS OBJECTIFS SONT SIMPLES\t\t\t\t\t\t<\/h4>\n\t\t\t\t\t\t<\/div>\n<\/div><\/div><\/div><div id=\"panel-68935-2-0-1\" class=\"so-panel widget widget_sow-headline panel-last-child\" data-index=\"6\" ><div style=\"margin-bottom: 30px !important; \" class=\"panel-widget-style panel-widget-style-for-68935-2-0-1\" ><div\n\t\t\t\n\t\t\tclass=\"so-widget-sow-headline so-widget-sow-headline-default-8cd7eac44add-68935 so-widget-fittext-wrapper\"\n\t\t\t data-fit-text-compressor=\"1\"\n\t\t><div class=\"sow-headline-container \">\n\t\t\t\t\t\t\t<h3 class=\"sow-headline\">\n\t\t\t\t\t\tAlignez nos annonceurs avec le bon contenu d'\u00e9diteur, g\u00e9n\u00e9rant un retour sur investissement positif et un \u00e9change mutuellement b\u00e9n\u00e9fique pour nos partenaires.\t\t\t\t\t\t<\/h3>\n\t\t\t\t\t\t<\/div>\n<\/div><\/div><\/div><\/div><div id=\"pgc-68935-2-1\"  class=\"panel-grid-cell\" ><div id=\"panel-68935-2-1-0\" class=\"so-panel widget widget_sow-image panel-first-child panel-last-child\" data-index=\"7\" ><div style=\"margin-bottom: 20px !important; \" class=\"panel-widget-style panel-widget-style-for-68935-2-1-0\" ><div\n\t\t\t\n\t\t\tclass=\"so-widget-sow-image so-widget-sow-image-default-8b5b6f678277-68935\"\n\t\t\t\n\t\t>\n<div class=\"sow-image-container\">\n\t\t<img \n\tsrc=\"https:\/\/keyworddigital.com\/wp-content\/uploads\/2018\/11\/marketing-theme-display_1120x500.png\" width=\"1120\" height=\"500\" srcset=\"https:\/\/keyworddigital.com\/wp-content\/uploads\/2018\/11\/marketing-theme-display_1120x500.png 1120w, https:\/\/keyworddigital.com\/wp-content\/uploads\/2018\/11\/marketing-theme-display_1120x500-300x134.png 300w, https:\/\/keyworddigital.com\/wp-content\/uploads\/2018\/11\/marketing-theme-display_1120x500-768x343.png 768w, https:\/\/keyworddigital.com\/wp-content\/uploads\/2018\/11\/marketing-theme-display_1120x500-1024x457.png 1024w\" sizes=\"(max-width: 1120px) 100vw, 1120px\" title=\"th\u00e8me marketing-affichage_1120x500\" alt=\"\" \t\tclass=\"so-widget-image\"\/>\n\t<\/div>\n\n<\/div><\/div><\/div><\/div><\/div><\/div><div id=\"pg-68935-3\"  class=\"panel-grid panel-has-style\" ><div class=\"siteorigin-panels-stretch panel-row-style panel-row-style-for-68935-3\" data-stretch-type=\"full\" ><div id=\"pgc-68935-3-0\"  class=\"panel-grid-cell\" ><div id=\"panel-68935-3-0-0\" class=\"so-panel widget widget_sow-editor panel-first-child panel-last-child\" data-index=\"8\" ><div style=\"margin-bottom: 20px !important; \" class=\"panel-widget-style panel-widget-style-for-68935-3-0-0\" ><div\n\t\t\t\n\t\t\tclass=\"so-widget-sow-editor so-widget-sow-editor-base\"\n\t\t\t\n\t\t>\n<div class=\"siteorigin-widget-tinymce textwidget\">\n\t<\/div>\n<\/div><\/div><\/div><\/div><\/div><\/div><\/div>","protected":false},"excerpt":{"rendered":"<p>Bas\u00e9 sur la performance Publicit\u00e9 de recherche Contactez-nous aujourd&rsquo;hui Contactez-nous aujourd&rsquo;hui \u00c0 propos de nous Keyword Digital est un r\u00e9seau publicitaire bas\u00e9 sur la recherche par \u00ab mots-cl\u00e9s \u00bb et le ciblage contextuel, qui s&rsquo;adresse \u00e0 la fois aux \u00e9diteurs et aux annonceurs dans tous les secteurs d&rsquo;activit\u00e9. En savoir plus Annonceurs Notre objectif principal &hellip; <a href=\"https:\/\/keyworddigital.com\/fr\/\" title=\"Accueil\" class=\"read-more\">Read More<\/a><\/p>\n","protected":false},"author":847,"featured_media":0,"parent":0,"menu_order":0,"comment_status":"closed","ping_status":"closed","template":"","meta":{"footnotes":""},"class_list":["post-68935","page","type-page","status-publish","hentry"],"_links":{"self":[{"href":"https:\/\/keyworddigital.com\/fr\/wp-json\/wp\/v2\/pages\/68935","targetHints":{"allow":["GET"]}}],"collection":[{"href":"https:\/\/keyworddigital.com\/fr\/wp-json\/wp\/v2\/pages"}],"about":[{"href":"https:\/\/keyworddigital.com\/fr\/wp-json\/wp\/v2\/types\/page"}],"author":[{"embeddable":true,"href":"https:\/\/keyworddigital.com\/fr\/wp-json\/wp\/v2\/users\/847"}],"replies":[{"embeddable":true,"href":"https:\/\/keyworddigital.com\/fr\/wp-json\/wp\/v2\/comments?post=68935"}],"version-history":[{"count":1,"href":"https:\/\/keyworddigital.com\/fr\/wp-json\/wp\/v2\/pages\/68935\/revisions"}],"predecessor-version":[{"id":68968,"href":"https:\/\/keyworddigital.com\/fr\/wp-json\/wp\/v2\/pages\/68935\/revisions\/68968"}],"wp:attachment":[{"href":"https:\/\/keyworddigital.com\/fr\/wp-json\/wp\/v2\/media?parent=68935"}],"curies":[{"name":"wp","href":"https:\/\/api.w.org\/{rel}","templated":true}]}}